{"id":8944,"date":"2023-05-15T17:10:33","date_gmt":"2023-05-15T15:10:33","guid":{"rendered":"https:\/\/redesign.gruener-systemtechnik.de\/?page_id=8944"},"modified":"2026-03-24T14:38:10","modified_gmt":"2026-03-24T13:38:10","slug":"corporate-policy","status":"publish","type":"page","link":"https:\/\/www.gruener-systemtechnik.de\/en\/downloads\/corporate-policy\/","title":{"rendered":"CORPORATE POLICY"},"content":{"rendered":"<section class=\"l-section wpb_row shaddow height_custom\"><div class=\"l-section-overlay\" style=\"background:#f6f6f6\"><\/div><div class=\"l-section-h i-cf\"><div class=\"g-cols vc_row via_grid cols_2-1 laptops-cols_inherit tablets-cols_inherit mobiles-cols_1 valign_top type_default stacking_default\" style=\"--gap:0rem;\"><div class=\"wpb_column vc_column_container us_custom_4fb9e5a3 has_bg_color\"><div class=\"vc_column-inner\"><div class=\"wpb_text_column\"><div class=\"wpb_wrapper\"><div class=\"page-header\">\n<h1>CORPORATE POLICY<\/h1>\n<\/div>\n<h1><\/h1>\n<\/div><\/div><div class=\"w-separator size_medium\"><\/div><div class=\"wpb_text_column\"><div class=\"wpb_wrapper\"><p>The corporate policy available for download applies to the following companies of the Gr\u00fcner Group<\/p>\n<ul>\n<li>Gr\u00fcner Systemtechnik GmbH &amp; Co. KG<\/li>\n<li>Gr\u00fcner Produktions GmbH<\/li>\n<\/ul>\n<p>Download: <a href=\"https:\/\/www.gruener-systemtechnik.de\/wp-content\/uploads\/Gruener-Systemtechnik-Company-Policy-EN.pdf\" target=\"_blank\" rel=\"noopener\">Corporate Policy\u00a0Gr\u00fcner Business Group<\/a><\/p>\n<\/div><\/div><\/div><\/div><div class=\"wpb_column vc_column_container us_custom_4fb9e5a3 has_bg_color\"><div class=\"vc_column-inner\">[vc_raw_html]JTVCaXdwX21lbnUlMjBpZCUzRCUyMjgzMzclMjIlNUQ=[\/vc_raw_html]<\/div><\/div><\/div><\/div><\/section>\n","protected":false},"excerpt":{"rendered":"CORPORATE POLICY The corporate policy available for download applies to the following companies of the Gr\u00fcner Group Gr\u00fcner Systemtechnik GmbH &amp; Co. KG Gr\u00fcner Produktions GmbH Download: Corporate Policy\u00a0Gr\u00fcner Business Group [vc_raw_html]JTVCaXdwX21lbnUlMjBpZCUzRCUyMjgzMzclMjIlNUQ=[\/vc_raw_html]","protected":false},"author":1,"featured_media":0,"parent":8972,"menu_order":0,"comment_status":"closed","ping_status":"closed","template":"","meta":{"footnotes":""},"class_list":["post-8944","page","type-page","status-publish","hentry"],"_links":{"self":[{"href":"https:\/\/www.gruener-systemtechnik.de\/en\/wp-json\/wp\/v2\/pages\/8944","targetHints":{"allow":["GET"]}}],"collection":[{"href":"https:\/\/www.gruener-systemtechnik.de\/en\/wp-json\/wp\/v2\/pages"}],"about":[{"href":"https:\/\/www.gruener-systemtechnik.de\/en\/wp-json\/wp\/v2\/types\/page"}],"author":[{"embeddable":true,"href":"https:\/\/www.gruener-systemtechnik.de\/en\/wp-json\/wp\/v2\/users\/1"}],"replies":[{"embeddable":true,"href":"https:\/\/www.gruener-systemtechnik.de\/en\/wp-json\/wp\/v2\/comments?post=8944"}],"version-history":[{"count":5,"href":"https:\/\/www.gruener-systemtechnik.de\/en\/wp-json\/wp\/v2\/pages\/8944\/revisions"}],"predecessor-version":[{"id":16061,"href":"https:\/\/www.gruener-systemtechnik.de\/en\/wp-json\/wp\/v2\/pages\/8944\/revisions\/16061"}],"up":[{"embeddable":true,"href":"https:\/\/www.gruener-systemtechnik.de\/en\/wp-json\/wp\/v2\/pages\/8972"}],"wp:attachment":[{"href":"https:\/\/www.gruener-systemtechnik.de\/en\/wp-json\/wp\/v2\/media?parent=8944"}],"curies":[{"name":"wp","href":"https:\/\/api.w.org\/{rel}","templated":true}]}}